{"id":13126,"date":"2023-11-14T14:49:18","date_gmt":"2023-11-14T13:49:18","guid":{"rendered":"https:\/\/glifing.com\/glifing\/?post_type=product&#038;p=13126"},"modified":"2024-01-22T11:20:16","modified_gmt":"2024-01-22T10:20:16","slug":"a004-neurociencia-de-la-lectura-esp","status":"publish","type":"product","link":"https:\/\/glifing.com\/ca\/producto\/a004-neurociencia-de-la-lectura-esp\/","title":{"rendered":"A004. Neurociencia de la Lectura [ESP]"},"content":{"rendered":"<div>Edici\u00f3 en castell\u00e0. S&#8217;analitza el m\u00f3n de la lectura des de les aportacions de la neuroci\u00e8ncia. La psic\u00f2loga Montserrat Garcia ens introdueix en el m\u00f3n de la lectura des del coneixement pr\u00e0ctic que li ofereix la disl\u00e8xia que va patir el seu fill petit i el coneixement expert que ofereixen les perspectives cognitives i les darreres aportacions de la neuroci\u00e8ncia.<\/div>\n","protected":false},"excerpt":{"rendered":"<div><b><span style=\"font-size: large;\">Vius a llatinoam\u00e8rica i vols el llibre en paper?<\/span><br \/>\n<\/b><i><span style=\"color: #808080;\">Clica al teu pa\u00eds per comprar el llibre Neurociencia de la lectura de Montserrat Garcia i Ortiz.<\/span><\/i><br \/>\n<strong><span style=\"color: #f2a928; font-size: large;\"><a class=\"librodigital\" href=\"https:\/\/horsori-mx.quares.es\/apex\/r\/quares\/landingweb\/detalle-producto?p2_id=43233&amp;session=11558104923104\" target=\"_blank\" rel=\"noopener\">M\u00e8xic<\/a>\u00a0 \/\u00a0 <a class=\"librodigital\" href=\"https:\/\/horsori-ar.quares.es\/apex\/r\/quares\/landingweb\/detalle-producto?p2_id=43233&amp;session=2243074134456\" target=\"_blank\" rel=\"noopener\">Argentina<\/a>\u00a0 \/\u00a0 <a class=\"librodigital\" href=\"https:\/\/horsori-ec.quares.es\/apex\/r\/quares\/landingweb\/detalle-producto?p2_id=43233&amp;session=8168659686076\" target=\"_blank\" rel=\"noopener\">Ecuador\u00a0<\/a> \/\u00a0 <a class=\"librodigital\" href=\"https:\/\/horsori-cl.quares.es\/apex\/r\/quares\/landingweb\/detalle-producto?p2_id=43233&amp;session=9314186952969\" target=\"_blank\" rel=\"noopener\">Xile<\/a>\u00a0 \/\u00a0 <a class=\"librodigital\" href=\"https:\/\/horsori-cr.quares.es\/apex\/r\/quares\/landingweb\/detalle-producto?p2_id=43233&amp;session=10780632172665\" target=\"_blank\" rel=\"noopener\">Costa Rica<\/a>\u00a0 \/\u00a0 <a class=\"librodigital\" href=\"https:\/\/horsori-co.quares.es\/apex\/r\/quares\/landingweb\/detalle-producto?p2_id=43233&amp;session=3736173747428\" target=\"_blank\" rel=\"noopener\">Col\u00f2mbia<\/a>\u00a0 \/\u00a0 <a class=\"librodigital\" href=\"https:\/\/horsori-us.quares.es\/apex\/r\/quares\/landingweb\/detalle-producto?p2_id=43233&amp;session=3563731904460\" target=\"_blank\" rel=\"noopener\">USA<\/a><\/span><\/strong><\/div>\n<p><\/br><\/p>\n<div><b><span style=\"font-size: large;\">Vius a Espanya?<\/span><br \/>\n<\/b><i><span style=\"color: #808080;\">Clica a Afegir a la cistella per comprar el llibre Neurociencia de la lectura.<\/span><\/i><\/p>\n","protected":false},"featured_media":13141,"template":"","meta":{"_acf_changed":false,"_monsterinsights_skip_tracking":false,"_monsterinsights_sitenote_active":false,"_monsterinsights_sitenote_note":"","_monsterinsights_sitenote_category":0,"ocean_post_layout":"full-width","ocean_both_sidebars_style":"","ocean_both_sidebars_content_width":0,"ocean_both_sidebars_sidebars_width":0,"ocean_sidebar":"0","ocean_second_sidebar":"0","ocean_disable_margins":"enable","ocean_add_body_class":"","ocean_shortcode_before_top_bar":"","ocean_shortcode_after_top_bar":"","ocean_shortcode_before_header":"","ocean_shortcode_after_header":"","ocean_has_shortcode":"","ocean_shortcode_after_title":"","ocean_shortcode_before_footer_widgets":"","ocean_shortcode_after_footer_widgets":"","ocean_shortcode_before_footer_bottom":"","ocean_shortcode_after_footer_bottom":"","ocean_display_top_bar":"default","ocean_display_header":"default","ocean_header_style":"","ocean_center_header_left_menu":"0","ocean_custom_header_template":"0","ocean_custom_logo":0,"ocean_custom_retina_logo":0,"ocean_custom_logo_max_width":0,"ocean_custom_logo_tablet_max_width":0,"ocean_custom_logo_mobile_max_width":0,"ocean_custom_logo_max_height":0,"ocean_custom_logo_tablet_max_height":0,"ocean_custom_logo_mobile_max_height":0,"ocean_header_custom_menu":"0","ocean_menu_typo_font_family":"0","ocean_menu_typo_font_subset":"","ocean_menu_typo_font_size":0,"ocean_menu_typo_font_size_tablet":0,"ocean_menu_typo_font_size_mobile":0,"ocean_menu_typo_font_size_unit":"px","ocean_menu_typo_font_weight":"","ocean_menu_typo_font_weight_tablet":"","ocean_menu_typo_font_weight_mobile":"","ocean_menu_typo_transform":"","ocean_menu_typo_transform_tablet":"","ocean_menu_typo_transform_mobile":"","ocean_menu_typo_line_height":0,"ocean_menu_typo_line_height_tablet":0,"ocean_menu_typo_line_height_mobile":0,"ocean_menu_typo_line_height_unit":"","ocean_menu_typo_spacing":0,"ocean_menu_typo_spacing_tablet":0,"ocean_menu_typo_spacing_mobile":0,"ocean_menu_typo_spacing_unit":"","ocean_menu_link_color":"","ocean_menu_link_color_hover":"","ocean_menu_link_color_active":"","ocean_menu_link_background":"","ocean_menu_link_hover_background":"","ocean_menu_link_active_background":"","ocean_menu_social_links_bg":"","ocean_menu_social_hover_links_bg":"","ocean_menu_social_links_color":"","ocean_menu_social_hover_links_color":"","ocean_disable_title":"default","ocean_disable_heading":"default","ocean_post_title":"","ocean_post_subheading":"","ocean_post_title_style":"","ocean_post_title_background_color":"","ocean_post_title_background":0,"ocean_post_title_bg_image_position":"","ocean_post_title_bg_image_attachment":"","ocean_post_title_bg_image_repeat":"","ocean_post_title_bg_image_size":"","ocean_post_title_height":0,"ocean_post_title_bg_overlay":0.5,"ocean_post_title_bg_overlay_color":"","ocean_disable_breadcrumbs":"default","ocean_breadcrumbs_color":"","ocean_breadcrumbs_separator_color":"","ocean_breadcrumbs_links_color":"","ocean_breadcrumbs_links_hover_color":"","ocean_display_footer_widgets":"default","ocean_display_footer_bottom":"default","ocean_custom_footer_template":"0"},"product_brand":[],"product_cat":[122],"product_tag":[],"class_list":{"0":"post-13126","1":"product","2":"type-product","3":"status-publish","4":"has-post-thumbnail","6":"product_cat-llibres","8":"entry","9":"has-media","11":"first","12":"instock","13":"taxable","14":"shipping-taxable","15":"purchasable","16":"product-type-simple","17":"has-product-nav","18":"col","19":"span_1_of_3","20":"owp-content-center","21":"owp-thumbs-layout-horizontal","22":"owp-btn-normal","23":"owp-tabs-layout-horizontal","24":"has-no-thumbnails"},"acf":[],"yoast_head":"<!-- This site is optimized with the Yoast SEO Premium plugin v23.7 (Yoast SEO v26.9) - https:\/\/yoast.com\/product\/yoast-seo-premium-wordpress\/ -->\n<title>A004. Neurociencia de la Lectura [ESP] - Glifing<\/title>\n<meta name=\"robots\" content=\"index, follow, max-snippet:-1, max-image-preview:large, max-video-preview:-1\" \/>\n<link rel=\"canonical\" href=\"https:\/\/glifing.com\/ca\/producto\/a004-neurociencia-de-la-lectura-esp\/\" \/>\n<meta property=\"og:locale\" content=\"ca_ES\" \/>\n<meta property=\"og:type\" content=\"article\" \/>\n<meta property=\"og:title\" content=\"A004. Neurociencia de la Lectura [ESP]\" \/>\n<meta property=\"og:description\" content=\"Vius a llatinoam\u00e8rica i vols el llibre en paper? Clica al teu pa\u00eds per comprar el llibre Neurociencia de la lectura de Montserrat Garcia i Ortiz. M\u00e8xic\u00a0 \/\u00a0 Argentina\u00a0 \/\u00a0 Ecuador\u00a0 \/\u00a0 Xile\u00a0 \/\u00a0 Costa Rica\u00a0 \/\u00a0 Col\u00f2mbia\u00a0 \/\u00a0 USA  Vius a Espanya? Clica a Afegir a la cistella per comprar el llibre Neurociencia de la lectura.\" \/>\n<meta property=\"og:url\" content=\"https:\/\/glifing.com\/ca\/producto\/a004-neurociencia-de-la-lectura-esp\/\" \/>\n<meta property=\"og:site_name\" content=\"Glifing\" \/>\n<meta property=\"article:publisher\" content=\"https:\/\/www.facebook.com\/glifing\" \/>\n<meta property=\"article:modified_time\" content=\"2024-01-22T10:20:16+00:00\" \/>\n<meta property=\"og:image\" content=\"https:\/\/glifing.com\/wp-content\/uploads\/2023\/11\/neurociencia-esp.jpg\" \/>\n\t<meta property=\"og:image:width\" content=\"643\" \/>\n\t<meta property=\"og:image:height\" content=\"611\" \/>\n\t<meta property=\"og:image:type\" content=\"image\/jpeg\" \/>\n<meta name=\"twitter:card\" content=\"summary_large_image\" \/>\n<meta name=\"twitter:site\" content=\"@glifing\" \/>\n<meta name=\"twitter:label1\" content=\"Temps estimat de lectura\" \/>\n\t<meta name=\"twitter:data1\" content=\"1 minut\" \/>\n<script type=\"application\/ld+json\" class=\"yoast-schema-graph\">{\"@context\":\"https:\/\/schema.org\",\"@graph\":[{\"@type\":\"WebPage\",\"@id\":\"https:\/\/glifing.com\/ca\/producto\/a004-neurociencia-de-la-lectura-esp\/\",\"url\":\"https:\/\/glifing.com\/ca\/producto\/a004-neurociencia-de-la-lectura-esp\/\",\"name\":\"A004. Neurociencia de la Lectura [ESP] - Glifing\",\"isPartOf\":{\"@id\":\"https:\/\/glifing.com\/#website\"},\"primaryImageOfPage\":{\"@id\":\"https:\/\/glifing.com\/ca\/producto\/a004-neurociencia-de-la-lectura-esp\/#primaryimage\"},\"image\":{\"@id\":\"https:\/\/glifing.com\/ca\/producto\/a004-neurociencia-de-la-lectura-esp\/#primaryimage\"},\"thumbnailUrl\":\"https:\/\/glifing.com\/wp-content\/uploads\/2023\/11\/neurociencia-esp.jpg\",\"datePublished\":\"2023-11-14T13:49:18+00:00\",\"dateModified\":\"2024-01-22T10:20:16+00:00\",\"breadcrumb\":{\"@id\":\"https:\/\/glifing.com\/ca\/producto\/a004-neurociencia-de-la-lectura-esp\/#breadcrumb\"},\"inLanguage\":\"ca\",\"potentialAction\":[{\"@type\":\"ReadAction\",\"target\":[\"https:\/\/glifing.com\/ca\/producto\/a004-neurociencia-de-la-lectura-esp\/\"]}]},{\"@type\":\"ImageObject\",\"inLanguage\":\"ca\",\"@id\":\"https:\/\/glifing.com\/ca\/producto\/a004-neurociencia-de-la-lectura-esp\/#primaryimage\",\"url\":\"https:\/\/glifing.com\/wp-content\/uploads\/2023\/11\/neurociencia-esp.jpg\",\"contentUrl\":\"https:\/\/glifing.com\/wp-content\/uploads\/2023\/11\/neurociencia-esp.jpg\",\"width\":643,\"height\":611,\"caption\":\"Libro neurociencia de la lectira en castellano\"},{\"@type\":\"BreadcrumbList\",\"@id\":\"https:\/\/glifing.com\/ca\/producto\/a004-neurociencia-de-la-lectura-esp\/#breadcrumb\",\"itemListElement\":[{\"@type\":\"ListItem\",\"position\":1,\"name\":\"Portada\",\"item\":\"https:\/\/glifing.com\/\"},{\"@type\":\"ListItem\",\"position\":2,\"name\":\"Productes\",\"item\":\"https:\/\/glifing.com\/ca\/shop\/\"},{\"@type\":\"ListItem\",\"position\":3,\"name\":\"A004. Neurociencia de la Lectura [ESP]\"}]},{\"@type\":\"WebSite\",\"@id\":\"https:\/\/glifing.com\/#website\",\"url\":\"https:\/\/glifing.com\/\",\"name\":\"Glifing\",\"description\":\"Entrenamiento de la lectura\",\"publisher\":{\"@id\":\"https:\/\/glifing.com\/#organization\"},\"potentialAction\":[{\"@type\":\"SearchAction\",\"target\":{\"@type\":\"EntryPoint\",\"urlTemplate\":\"https:\/\/glifing.com\/?s={search_term_string}\"},\"query-input\":{\"@type\":\"PropertyValueSpecification\",\"valueRequired\":true,\"valueName\":\"search_term_string\"}}],\"inLanguage\":\"ca\"},{\"@type\":\"Organization\",\"@id\":\"https:\/\/glifing.com\/#organization\",\"name\":\"Glifing\",\"url\":\"https:\/\/glifing.com\/\",\"logo\":{\"@type\":\"ImageObject\",\"inLanguage\":\"ca\",\"@id\":\"https:\/\/glifing.com\/#\/schema\/logo\/image\/\",\"url\":\"https:\/\/glifing.com\/wp-content\/uploads\/2022\/04\/Logo-petit-Glifing-color-claim.png\",\"contentUrl\":\"https:\/\/glifing.com\/wp-content\/uploads\/2022\/04\/Logo-petit-Glifing-color-claim.png\",\"width\":1000,\"height\":453,\"caption\":\"Glifing\"},\"image\":{\"@id\":\"https:\/\/glifing.com\/#\/schema\/logo\/image\/\"},\"sameAs\":[\"https:\/\/www.facebook.com\/glifing\",\"https:\/\/x.com\/glifing\",\"https:\/\/www.instagram.com\/glifing\/\",\"https:\/\/www.youtube.com\/channel\/UCWRD45tUQSZ1ARcZt402WwA\"]}]}<\/script>\n<!-- \/ Yoast SEO Premium plugin. -->","yoast_head_json":{"title":"A004. Neurociencia de la Lectura [ESP] - Glifing","robots":{"index":"index","follow":"follow","max-snippet":"max-snippet:-1","max-image-preview":"max-image-preview:large","max-video-preview":"max-video-preview:-1"},"canonical":"https:\/\/glifing.com\/ca\/producto\/a004-neurociencia-de-la-lectura-esp\/","og_locale":"ca_ES","og_type":"article","og_title":"A004. Neurociencia de la Lectura [ESP]","og_description":"Vius a llatinoam\u00e8rica i vols el llibre en paper? Clica al teu pa\u00eds per comprar el llibre Neurociencia de la lectura de Montserrat Garcia i Ortiz. M\u00e8xic\u00a0 \/\u00a0 Argentina\u00a0 \/\u00a0 Ecuador\u00a0 \/\u00a0 Xile\u00a0 \/\u00a0 Costa Rica\u00a0 \/\u00a0 Col\u00f2mbia\u00a0 \/\u00a0 USA  Vius a Espanya? Clica a Afegir a la cistella per comprar el llibre Neurociencia de la lectura.","og_url":"https:\/\/glifing.com\/ca\/producto\/a004-neurociencia-de-la-lectura-esp\/","og_site_name":"Glifing","article_publisher":"https:\/\/www.facebook.com\/glifing","article_modified_time":"2024-01-22T10:20:16+00:00","og_image":[{"width":643,"height":611,"url":"https:\/\/glifing.com\/wp-content\/uploads\/2023\/11\/neurociencia-esp.jpg","type":"image\/jpeg"}],"twitter_card":"summary_large_image","twitter_site":"@glifing","twitter_misc":{"Temps estimat de lectura":"1 minut"},"schema":{"@context":"https:\/\/schema.org","@graph":[{"@type":"WebPage","@id":"https:\/\/glifing.com\/ca\/producto\/a004-neurociencia-de-la-lectura-esp\/","url":"https:\/\/glifing.com\/ca\/producto\/a004-neurociencia-de-la-lectura-esp\/","name":"A004. Neurociencia de la Lectura [ESP] - Glifing","isPartOf":{"@id":"https:\/\/glifing.com\/#website"},"primaryImageOfPage":{"@id":"https:\/\/glifing.com\/ca\/producto\/a004-neurociencia-de-la-lectura-esp\/#primaryimage"},"image":{"@id":"https:\/\/glifing.com\/ca\/producto\/a004-neurociencia-de-la-lectura-esp\/#primaryimage"},"thumbnailUrl":"https:\/\/glifing.com\/wp-content\/uploads\/2023\/11\/neurociencia-esp.jpg","datePublished":"2023-11-14T13:49:18+00:00","dateModified":"2024-01-22T10:20:16+00:00","breadcrumb":{"@id":"https:\/\/glifing.com\/ca\/producto\/a004-neurociencia-de-la-lectura-esp\/#breadcrumb"},"inLanguage":"ca","potentialAction":[{"@type":"ReadAction","target":["https:\/\/glifing.com\/ca\/producto\/a004-neurociencia-de-la-lectura-esp\/"]}]},{"@type":"ImageObject","inLanguage":"ca","@id":"https:\/\/glifing.com\/ca\/producto\/a004-neurociencia-de-la-lectura-esp\/#primaryimage","url":"https:\/\/glifing.com\/wp-content\/uploads\/2023\/11\/neurociencia-esp.jpg","contentUrl":"https:\/\/glifing.com\/wp-content\/uploads\/2023\/11\/neurociencia-esp.jpg","width":643,"height":611,"caption":"Libro neurociencia de la lectira en castellano"},{"@type":"BreadcrumbList","@id":"https:\/\/glifing.com\/ca\/producto\/a004-neurociencia-de-la-lectura-esp\/#breadcrumb","itemListElement":[{"@type":"ListItem","position":1,"name":"Portada","item":"https:\/\/glifing.com\/"},{"@type":"ListItem","position":2,"name":"Productes","item":"https:\/\/glifing.com\/ca\/shop\/"},{"@type":"ListItem","position":3,"name":"A004. Neurociencia de la Lectura [ESP]"}]},{"@type":"WebSite","@id":"https:\/\/glifing.com\/#website","url":"https:\/\/glifing.com\/","name":"Glifing","description":"Entrenamiento de la lectura","publisher":{"@id":"https:\/\/glifing.com\/#organization"},"potentialAction":[{"@type":"SearchAction","target":{"@type":"EntryPoint","urlTemplate":"https:\/\/glifing.com\/?s={search_term_string}"},"query-input":{"@type":"PropertyValueSpecification","valueRequired":true,"valueName":"search_term_string"}}],"inLanguage":"ca"},{"@type":"Organization","@id":"https:\/\/glifing.com\/#organization","name":"Glifing","url":"https:\/\/glifing.com\/","logo":{"@type":"ImageObject","inLanguage":"ca","@id":"https:\/\/glifing.com\/#\/schema\/logo\/image\/","url":"https:\/\/glifing.com\/wp-content\/uploads\/2022\/04\/Logo-petit-Glifing-color-claim.png","contentUrl":"https:\/\/glifing.com\/wp-content\/uploads\/2022\/04\/Logo-petit-Glifing-color-claim.png","width":1000,"height":453,"caption":"Glifing"},"image":{"@id":"https:\/\/glifing.com\/#\/schema\/logo\/image\/"},"sameAs":["https:\/\/www.facebook.com\/glifing","https:\/\/x.com\/glifing","https:\/\/www.instagram.com\/glifing\/","https:\/\/www.youtube.com\/channel\/UCWRD45tUQSZ1ARcZt402WwA"]}]}},"_links":{"self":[{"href":"https:\/\/glifing.com\/ca\/wp-json\/wp\/v2\/product\/13126","targetHints":{"allow":["GET"]}}],"collection":[{"href":"https:\/\/glifing.com\/ca\/wp-json\/wp\/v2\/product"}],"about":[{"href":"https:\/\/glifing.com\/ca\/wp-json\/wp\/v2\/types\/product"}],"wp:featuredmedia":[{"embeddable":true,"href":"https:\/\/glifing.com\/ca\/wp-json\/wp\/v2\/media\/13141"}],"wp:attachment":[{"href":"https:\/\/glifing.com\/ca\/wp-json\/wp\/v2\/media?parent=13126"}],"wp:term":[{"taxonomy":"product_brand","embeddable":true,"href":"https:\/\/glifing.com\/ca\/wp-json\/wp\/v2\/product_brand?post=13126"},{"taxonomy":"product_cat","embeddable":true,"href":"https:\/\/glifing.com\/ca\/wp-json\/wp\/v2\/product_cat?post=13126"},{"taxonomy":"product_tag","embeddable":true,"href":"https:\/\/glifing.com\/ca\/wp-json\/wp\/v2\/product_tag?post=13126"}],"curies":[{"name":"wp","href":"https:\/\/api.w.org\/{rel}","templated":true}]}}