{"id":13658,"date":"2024-01-14T11:40:57","date_gmt":"2024-01-14T10:40:57","guid":{"rendered":"https:\/\/glifing.com\/glifing\/?page_id=13658"},"modified":"2025-02-27T12:40:32","modified_gmt":"2025-02-27T11:40:32","slug":"condicions-dus","status":"publish","type":"page","link":"https:\/\/glifing.com\/ca\/condicions-dus\/","title":{"rendered":"Condicions d&#8217;\u00fas"},"content":{"rendered":"\t\t<div data-elementor-type=\"wp-page\" data-elementor-id=\"13658\" class=\"elementor elementor-13658 elementor-13637\" data-elementor-post-type=\"page\">\n\t\t\t\t\t\t<section class=\"elementor-section elementor-top-section elementor-element elementor-element-ef8ae44 elementor-section-stretched elementor-section-content-middle elementor-section-boxed elementor-section-height-default elementor-section-height-default\" data-id=\"ef8ae44\" data-element_type=\"section\" data-e-type=\"section\" data-settings=\"{&quot;stretch_section&quot;:&quot;section-stretched&quot;,&quot;background_background&quot;:&quot;classic&quot;,&quot;_ob_glider_is_slider&quot;:&quot;no&quot;}\">\n\t\t\t\t\t\t\t<div class=\"elementor-background-overlay\"><\/div>\n\t\t\t\t\t\t\t<div class=\"elementor-container elementor-column-gap-default\">\n\t\t\t\t\t<div class=\"elementor-column elementor-col-100 elementor-top-column elementor-element elementor-element-0fd9905\" data-id=\"0fd9905\" data-element_type=\"column\" data-e-type=\"column\" data-settings=\"{&quot;_ob_column_hoveranimator&quot;:&quot;no&quot;,&quot;_ob_column_has_pseudo&quot;:&quot;no&quot;}\">\n\t\t\t<div class=\"elementor-widget-wrap elementor-element-populated\">\n\t\t\t\t\t\t<section class=\"elementor-section elementor-inner-section elementor-element elementor-element-b7a3dea elementor-section-boxed elementor-section-height-default elementor-section-height-default\" data-id=\"b7a3dea\" data-element_type=\"section\" data-e-type=\"section\" data-settings=\"{&quot;_ob_glider_is_slider&quot;:&quot;no&quot;}\">\n\t\t\t\t\t\t<div class=\"elementor-container elementor-column-gap-default\">\n\t\t\t\t\t<div class=\"elementor-column elementor-col-100 elementor-inner-column elementor-element elementor-element-705de59 elementor-invisible\" data-id=\"705de59\" data-element_type=\"column\" data-e-type=\"column\" data-settings=\"{&quot;background_background&quot;:&quot;classic&quot;,&quot;animation&quot;:&quot;fadeInUp&quot;,&quot;_ob_column_hoveranimator&quot;:&quot;no&quot;,&quot;_ob_column_has_pseudo&quot;:&quot;no&quot;}\">\n\t\t\t<div class=\"elementor-widget-wrap elementor-element-populated\">\n\t\t\t\t\t\t<div class=\"elementor-element elementor-element-945c3ea ob-harakiri-inherit ob-has-background-overlay elementor-widget elementor-widget-heading\" data-id=\"945c3ea\" data-element_type=\"widget\" data-e-type=\"widget\" data-settings=\"{&quot;_ob_use_harakiri&quot;:&quot;yes&quot;,&quot;_ob_harakiri_writing_mode&quot;:&quot;inherit&quot;,&quot;_ob_harakiri_text_clip&quot;:&quot;none&quot;,&quot;_ob_widget_stalker_use&quot;:&quot;no&quot;,&quot;_ob_poopart_use&quot;:&quot;yes&quot;,&quot;_ob_shadough_use&quot;:&quot;no&quot;,&quot;_ob_allow_hoveranimator&quot;:&quot;no&quot;}\" data-widget_type=\"heading.default\">\n\t\t\t\t<div class=\"elementor-widget-container\">\n\t\t\t\t\t<h1 class=\"elementor-heading-title elementor-size-default\">Condicions d'\u00fas<\/h1>\t\t\t\t<\/div>\n\t\t\t\t<\/div>\n\t\t\t\t\t<\/div>\n\t\t<\/div>\n\t\t\t\t\t<\/div>\n\t\t<\/section>\n\t\t\t\t\t<\/div>\n\t\t<\/div>\n\t\t\t\t\t<\/div>\n\t\t<\/section>\n\t\t\t\t<section class=\"elementor-section elementor-top-section elementor-element elementor-element-b61916f elementor-section-stretched elementor-section-content-middle elementor-section-boxed elementor-section-height-default elementor-section-height-default\" data-id=\"b61916f\" data-element_type=\"section\" data-e-type=\"section\" data-settings=\"{&quot;stretch_section&quot;:&quot;section-stretched&quot;,&quot;background_background&quot;:&quot;classic&quot;,&quot;_ob_glider_is_slider&quot;:&quot;no&quot;}\">\n\t\t\t\t\t\t\t<div class=\"elementor-background-overlay\"><\/div>\n\t\t\t\t\t\t\t<div class=\"elementor-container elementor-column-gap-default\">\n\t\t\t\t\t<div class=\"elementor-column elementor-col-100 elementor-top-column elementor-element elementor-element-3f7f8ba\" data-id=\"3f7f8ba\" data-element_type=\"column\" data-e-type=\"column\" data-settings=\"{&quot;_ob_column_hoveranimator&quot;:&quot;no&quot;,&quot;_ob_column_has_pseudo&quot;:&quot;no&quot;}\">\n\t\t\t<div class=\"elementor-widget-wrap elementor-element-populated\">\n\t\t\t\t\t\t<section class=\"elementor-section elementor-inner-section elementor-element elementor-element-910c363 elementor-section-boxed elementor-section-height-default elementor-section-height-default\" data-id=\"910c363\" data-element_type=\"section\" data-e-type=\"section\" data-settings=\"{&quot;_ob_glider_is_slider&quot;:&quot;no&quot;}\">\n\t\t\t\t\t\t<div class=\"elementor-container elementor-column-gap-default\">\n\t\t\t\t\t<div class=\"elementor-column elementor-col-100 elementor-inner-column elementor-element elementor-element-15c8f17\" data-id=\"15c8f17\" data-element_type=\"column\" data-e-type=\"column\" data-settings=\"{&quot;_ob_column_hoveranimator&quot;:&quot;no&quot;,&quot;_ob_column_has_pseudo&quot;:&quot;no&quot;}\">\n\t\t\t<div class=\"elementor-widget-wrap\">\n\t\t\t\t\t\t\t<\/div>\n\t\t<\/div>\n\t\t\t\t\t<\/div>\n\t\t<\/section>\n\t\t\t\t<section class=\"elementor-section elementor-inner-section elementor-element elementor-element-0710270 elementor-section-boxed elementor-section-height-default elementor-section-height-default\" data-id=\"0710270\" data-element_type=\"section\" data-e-type=\"section\" data-settings=\"{&quot;_ob_glider_is_slider&quot;:&quot;no&quot;}\">\n\t\t\t\t\t\t<div class=\"elementor-container elementor-column-gap-default\">\n\t\t\t\t\t<div class=\"elementor-column elementor-col-100 elementor-inner-column elementor-element elementor-element-aa89a57 elementor-invisible\" data-id=\"aa89a57\" data-element_type=\"column\" data-e-type=\"column\" data-settings=\"{&quot;background_background&quot;:&quot;classic&quot;,&quot;animation&quot;:&quot;fadeInUp&quot;,&quot;_ob_column_hoveranimator&quot;:&quot;no&quot;,&quot;_ob_column_has_pseudo&quot;:&quot;no&quot;}\">\n\t\t\t<div class=\"elementor-widget-wrap elementor-element-populated\">\n\t\t\t\t\t\t<div class=\"elementor-element elementor-element-bf361c2 elementor-mobile-align-center elementor-align-right ob-has-background-overlay elementor-widget elementor-widget-button\" data-id=\"bf361c2\" data-element_type=\"widget\" data-e-type=\"widget\" data-settings=\"{&quot;_ob_butterbutton_use_it&quot;:&quot;no&quot;,&quot;_ob_widget_stalker_use&quot;:&quot;no&quot;,&quot;_ob_poopart_use&quot;:&quot;yes&quot;,&quot;_ob_shadough_use&quot;:&quot;no&quot;,&quot;_ob_allow_hoveranimator&quot;:&quot;no&quot;}\" data-widget_type=\"button.default\">\n\t\t\t\t<div class=\"elementor-widget-container\">\n\t\t\t\t\t\t\t\t\t<div class=\"elementor-button-wrapper\">\n\t\t\t\t\t<a class=\"elementor-button elementor-button-link elementor-size-sm\" href=\"https:\/\/www.glifing.com\/wp-content\/uploads\/2024\/01\/Condicions-dus-Glifing-1.pdf\" target=\"_blank\" download=\"CondicionsusGlifing.pdf\">\n\t\t\t\t\t\t<span class=\"elementor-button-content-wrapper\">\n\t\t\t\t\t\t<span class=\"elementor-button-icon\">\n\t\t\t\t<i aria-hidden=\"true\" class=\"fas fa-file-download\"><\/i>\t\t\t<\/span>\n\t\t\t\t\t\t\t\t\t<span class=\"elementor-button-text\">Descarrega aquesta informaci\u00f3<\/span>\n\t\t\t\t\t<\/span>\n\t\t\t\t\t<\/a>\n\t\t\t\t<\/div>\n\t\t\t\t\t\t\t\t<\/div>\n\t\t\t\t<\/div>\n\t\t\t\t<div class=\"elementor-element elementor-element-d4ddeb8 ob-harakiri-inherit ob-has-background-overlay elementor-widget elementor-widget-text-editor\" data-id=\"d4ddeb8\" data-element_type=\"widget\" data-e-type=\"widget\" data-settings=\"{&quot;_ob_use_harakiri&quot;:&quot;yes&quot;,&quot;_ob_harakiri_writing_mode&quot;:&quot;inherit&quot;,&quot;_ob_postman_use&quot;:&quot;no&quot;,&quot;_ob_widget_stalker_use&quot;:&quot;no&quot;,&quot;_ob_poopart_use&quot;:&quot;yes&quot;,&quot;_ob_shadough_use&quot;:&quot;no&quot;,&quot;_ob_allow_hoveranimator&quot;:&quot;no&quot;}\" data-widget_type=\"text-editor.default\">\n\t\t\t\t<div class=\"elementor-widget-container\">\n\t\t\t\t\t\t\t\t\t<h2><b>Condicions<\/b><\/h2><p><br \/>GLIFING \u00e9s una plataforma inform\u00e0tica dissenyada per entrenar la lectura i altres capacitats cognitives addicionals, i tamb\u00e9 per avaluar, detectar possibles dificultats de lectura i entrenar-les. GLIFING no presta serveis m\u00e8dics ni psicol\u00f2gics, per la qual cosa no substitueix en cap cas la pertinent avaluaci\u00f3 i\/o el seguiment m\u00e8dic o psicol\u00f2gic que correspongui.<br \/>Els informes que es generen s\u00f3n orientatius i \u00fanicament mesuren la VELOCITAT lectora, en cap cas tenen valor diagn\u00f2stic i no substitueixen l\u2019opini\u00f3 experta d\u2019un professional.<br \/><span style=\"font-size: 14px; color: var( --e-global-color-text );\">Tanmateix, poden ajudar a valorar si la nena o el nen necessita ajuda per avan\u00e7ar o millorar en la lectura.<\/span><\/p><h2><b>Propietat intel\u00b7lectual i protecci\u00f3 de marca<\/b><\/h2><p><b><br \/><\/b>La llic\u00e8ncia del PRODUCTE \u00e9s una llic\u00e8ncia d\u2019\u00fas temporal exclusiva i intransferible d\u2019acord amb el que exposa aquest contracte. Els serveis que s\u00f3n objecte d\u2019aquest contracte nom\u00e9s els pot fer servir el CLIENT per als fins assenyalats en aquest contracte, i queda expressament prohibit transferir-ne, arrendar-ne o vendre\u2019n l\u2019\u00fas, ni efectuar qualsevol altre acte de disposici\u00f3 diferent del que s\u2019autoritzi expressament, ja sigui de manera temporal o permanent, gratu\u00efta o onerosa. La marca GLIFING, i els seus productes afins, s\u00f3n titularitat de GLIFING SL, i els usos d\u2019aquests productes han d\u2019estar autoritzats per aquesta societat.<\/p><h2><b>Condicions t\u00e8cniques del client i requisits per fer servir GLIFING<\/b><\/h2><p><b><br \/><\/b>1. Equip amb connexi\u00f3 a internet i una pantalla de m\u00ednim 8 polzades amb resoluci\u00f3 m\u00ednima de pantalla de 1024 x 768.<br \/>2. El programa garanteix que funciona b\u00e9 amb navegadors Chrome actualitzats (s\u2019admeten tres versions anteriors a l\u2019actual).<br \/>3. Comunicacions: es requereix acc\u00e9s a la comunicaci\u00f3 via internet.<br \/>4. Coneixements: es requereixen coneixements b\u00e0sics d\u2019ofim\u00e0tica a nivell d\u2019usuari.<\/p><h2><b>Condicions t\u00e8cniques del client i requisits per fer servir el LECTUR\u00d2METRE<br \/><\/b><\/h2><p>1. Equip amb connexi\u00f3 a internet (ordinador, tauleta o m\u00f2bil).<br \/>2. El programa garanteix que funciona b\u00e9 amb navegadors Chrome actualitzats (s\u2019admeten tres versions anteriors a l\u2019actual).<br \/>El domicili social de GLIFING SL \u00e9s a la carretera Reial, 103, baixos, de Sant Just Desvern, 08960 (Barcelona). NIF B-65762254. Tel.: +34 93 164 67 11 i adre\u00e7a electr\u00f2nica de contacte glifing@glifing.com. Societat inscrita al\u00a0Registre Mercantil de Barcelona el dia 16 de mar\u00e7 de 2012, al tom 43108, foli 71, full B422106, inscripci\u00f3 1a, protocol notarial 471\/2012.<\/p>\t\t\t\t\t\t\t\t<\/div>\n\t\t\t\t<\/div>\n\t\t\t\t\t<\/div>\n\t\t<\/div>\n\t\t\t\t\t<\/div>\n\t\t<\/section>\n\t\t\t\t\t<\/div>\n\t\t<\/div>\n\t\t\t\t\t<\/div>\n\t\t<\/section>\n\t\t\t\t<\/div>\n\t\t","protected":false},"excerpt":{"rendered":"<p>Condicions d&#8217;\u00fas Descarrega aquesta informaci\u00f3 Condicions GLIFING \u00e9s una plataforma inform\u00e0tica dissenyada per entrenar la lectura i altres capacitats cognitives addicionals, i tamb\u00e9 per avaluar, detectar possibles dificultats de lectura i entrenar-les. GLIFING no presta serveis m\u00e8dics ni psicol\u00f2gics, per la qual cosa no substitueix en cap cas la pertinent avaluaci\u00f3 i\/o el seguiment m\u00e8dic [&hellip;]<\/p>\n","protected":false},"author":1,"featured_media":0,"parent":0,"menu_order":0,"comment_status":"closed","ping_status":"closed","template":"","meta":{"_acf_changed":false,"_monsterinsights_skip_tracking":false,"_monsterinsights_sitenote_active":false,"_monsterinsights_sitenote_note":"","_monsterinsights_sitenote_category":0,"ocean_post_layout":"","ocean_both_sidebars_style":"","ocean_both_sidebars_content_width":0,"ocean_both_sidebars_sidebars_width":0,"ocean_sidebar":"0","ocean_second_sidebar":"0","ocean_disable_margins":"enable","ocean_add_body_class":"","ocean_shortcode_before_top_bar":"","ocean_shortcode_after_top_bar":"","ocean_shortcode_before_header":"","ocean_shortcode_after_header":"","ocean_has_shortcode":"","ocean_shortcode_after_title":"","ocean_shortcode_before_footer_widgets":"","ocean_shortcode_after_footer_widgets":"","ocean_shortcode_before_footer_bottom":"","ocean_shortcode_after_footer_bottom":"","ocean_display_top_bar":"default","ocean_display_header":"default","ocean_header_style":"","ocean_center_header_left_menu":"0","ocean_custom_header_template":"0","ocean_custom_logo":0,"ocean_custom_retina_logo":0,"ocean_custom_logo_max_width":0,"ocean_custom_logo_tablet_max_width":0,"ocean_custom_logo_mobile_max_width":0,"ocean_custom_logo_max_height":0,"ocean_custom_logo_tablet_max_height":0,"ocean_custom_logo_mobile_max_height":0,"ocean_header_custom_menu":"0","ocean_menu_typo_font_family":"0","ocean_menu_typo_font_subset":"","ocean_menu_typo_font_size":0,"ocean_menu_typo_font_size_tablet":0,"ocean_menu_typo_font_size_mobile":0,"ocean_menu_typo_font_size_unit":"px","ocean_menu_typo_font_weight":"","ocean_menu_typo_font_weight_tablet":"","ocean_menu_typo_font_weight_mobile":"","ocean_menu_typo_transform":"","ocean_menu_typo_transform_tablet":"","ocean_menu_typo_transform_mobile":"","ocean_menu_typo_line_height":0,"ocean_menu_typo_line_height_tablet":0,"ocean_menu_typo_line_height_mobile":0,"ocean_menu_typo_line_height_unit":"","ocean_menu_typo_spacing":0,"ocean_menu_typo_spacing_tablet":0,"ocean_menu_typo_spacing_mobile":0,"ocean_menu_typo_spacing_unit":"","ocean_menu_link_color":"","ocean_menu_link_color_hover":"","ocean_menu_link_color_active":"","ocean_menu_link_background":"","ocean_menu_link_hover_background":"","ocean_menu_link_active_background":"","ocean_menu_social_links_bg":"","ocean_menu_social_hover_links_bg":"","ocean_menu_social_links_color":"","ocean_menu_social_hover_links_color":"","ocean_disable_title":"default","ocean_disable_heading":"default","ocean_post_title":"","ocean_post_subheading":"","ocean_post_title_style":"","ocean_post_title_background_color":"","ocean_post_title_background":0,"ocean_post_title_bg_image_position":"","ocean_post_title_bg_image_attachment":"","ocean_post_title_bg_image_repeat":"","ocean_post_title_bg_image_size":"","ocean_post_title_height":0,"ocean_post_title_bg_overlay":0.5,"ocean_post_title_bg_overlay_color":"","ocean_disable_breadcrumbs":"default","ocean_breadcrumbs_color":"","ocean_breadcrumbs_separator_color":"","ocean_breadcrumbs_links_color":"","ocean_breadcrumbs_links_hover_color":"","ocean_display_footer_widgets":"default","ocean_display_footer_bottom":"default","ocean_custom_footer_template":"0","footnotes":""},"class_list":["post-13658","page","type-page","status-publish","hentry","entry","owp-thumbs-layout-horizontal","owp-btn-normal","owp-tabs-layout-horizontal","has-no-thumbnails","has-product-nav"],"acf":[],"yoast_head":"<!-- This site is optimized with the Yoast SEO Premium plugin v23.7 (Yoast SEO v26.9) - https:\/\/yoast.com\/product\/yoast-seo-premium-wordpress\/ -->\n<title>Condicions d&#039;\u00fas - Glifing<\/title>\n<meta name=\"robots\" content=\"index, follow, max-snippet:-1, max-image-preview:large, max-video-preview:-1\" \/>\n<link rel=\"canonical\" href=\"https:\/\/glifing.com\/ca\/condicions-dus\/\" \/>\n<meta property=\"og:locale\" content=\"ca_ES\" \/>\n<meta property=\"og:type\" content=\"article\" \/>\n<meta property=\"og:title\" content=\"Condicions d&#039;\u00fas\" \/>\n<meta property=\"og:description\" content=\"Condicions d&#8217;\u00fas Descarrega aquesta informaci\u00f3 Condicions GLIFING \u00e9s una plataforma inform\u00e0tica dissenyada per entrenar la lectura i altres capacitats cognitives addicionals, i tamb\u00e9 per avaluar, detectar possibles dificultats de lectura i entrenar-les. GLIFING no presta serveis m\u00e8dics ni psicol\u00f2gics, per la qual cosa no substitueix en cap cas la pertinent avaluaci\u00f3 i\/o el seguiment m\u00e8dic [&hellip;]\" \/>\n<meta property=\"og:url\" content=\"https:\/\/glifing.com\/ca\/condicions-dus\/\" \/>\n<meta property=\"og:site_name\" content=\"Glifing\" \/>\n<meta property=\"article:publisher\" content=\"https:\/\/www.facebook.com\/glifing\" \/>\n<meta property=\"article:modified_time\" content=\"2025-02-27T11:40:32+00:00\" \/>\n<meta name=\"twitter:card\" content=\"summary_large_image\" \/>\n<meta name=\"twitter:site\" content=\"@glifing\" \/>\n<meta name=\"twitter:label1\" content=\"Temps estimat de lectura\" \/>\n\t<meta name=\"twitter:data1\" content=\"2 minuts\" \/>\n<script type=\"application\/ld+json\" class=\"yoast-schema-graph\">{\"@context\":\"https:\/\/schema.org\",\"@graph\":[{\"@type\":\"WebPage\",\"@id\":\"https:\/\/glifing.com\/ca\/condicions-dus\/\",\"url\":\"https:\/\/glifing.com\/ca\/condicions-dus\/\",\"name\":\"Condicions d'\u00fas - Glifing\",\"isPartOf\":{\"@id\":\"https:\/\/glifing.com\/#website\"},\"datePublished\":\"2024-01-14T10:40:57+00:00\",\"dateModified\":\"2025-02-27T11:40:32+00:00\",\"breadcrumb\":{\"@id\":\"https:\/\/glifing.com\/ca\/condicions-dus\/#breadcrumb\"},\"inLanguage\":\"ca\",\"potentialAction\":[{\"@type\":\"ReadAction\",\"target\":[\"https:\/\/glifing.com\/ca\/condicions-dus\/\"]}]},{\"@type\":\"BreadcrumbList\",\"@id\":\"https:\/\/glifing.com\/ca\/condicions-dus\/#breadcrumb\",\"itemListElement\":[{\"@type\":\"ListItem\",\"position\":1,\"name\":\"Portada\",\"item\":\"https:\/\/glifing.com\/\"},{\"@type\":\"ListItem\",\"position\":2,\"name\":\"Condicions d&#8217;\u00fas\"}]},{\"@type\":\"WebSite\",\"@id\":\"https:\/\/glifing.com\/#website\",\"url\":\"https:\/\/glifing.com\/\",\"name\":\"Glifing\",\"description\":\"Entrenamiento de la lectura\",\"publisher\":{\"@id\":\"https:\/\/glifing.com\/#organization\"},\"potentialAction\":[{\"@type\":\"SearchAction\",\"target\":{\"@type\":\"EntryPoint\",\"urlTemplate\":\"https:\/\/glifing.com\/?s={search_term_string}\"},\"query-input\":{\"@type\":\"PropertyValueSpecification\",\"valueRequired\":true,\"valueName\":\"search_term_string\"}}],\"inLanguage\":\"ca\"},{\"@type\":\"Organization\",\"@id\":\"https:\/\/glifing.com\/#organization\",\"name\":\"Glifing\",\"url\":\"https:\/\/glifing.com\/\",\"logo\":{\"@type\":\"ImageObject\",\"inLanguage\":\"ca\",\"@id\":\"https:\/\/glifing.com\/#\/schema\/logo\/image\/\",\"url\":\"https:\/\/glifing.com\/wp-content\/uploads\/2022\/04\/Logo-petit-Glifing-color-claim.png\",\"contentUrl\":\"https:\/\/glifing.com\/wp-content\/uploads\/2022\/04\/Logo-petit-Glifing-color-claim.png\",\"width\":1000,\"height\":453,\"caption\":\"Glifing\"},\"image\":{\"@id\":\"https:\/\/glifing.com\/#\/schema\/logo\/image\/\"},\"sameAs\":[\"https:\/\/www.facebook.com\/glifing\",\"https:\/\/x.com\/glifing\",\"https:\/\/www.instagram.com\/glifing\/\",\"https:\/\/www.youtube.com\/channel\/UCWRD45tUQSZ1ARcZt402WwA\"]}]}<\/script>\n<!-- \/ Yoast SEO Premium plugin. -->","yoast_head_json":{"title":"Condicions d'\u00fas - Glifing","robots":{"index":"index","follow":"follow","max-snippet":"max-snippet:-1","max-image-preview":"max-image-preview:large","max-video-preview":"max-video-preview:-1"},"canonical":"https:\/\/glifing.com\/ca\/condicions-dus\/","og_locale":"ca_ES","og_type":"article","og_title":"Condicions d'\u00fas","og_description":"Condicions d&#8217;\u00fas Descarrega aquesta informaci\u00f3 Condicions GLIFING \u00e9s una plataforma inform\u00e0tica dissenyada per entrenar la lectura i altres capacitats cognitives addicionals, i tamb\u00e9 per avaluar, detectar possibles dificultats de lectura i entrenar-les. GLIFING no presta serveis m\u00e8dics ni psicol\u00f2gics, per la qual cosa no substitueix en cap cas la pertinent avaluaci\u00f3 i\/o el seguiment m\u00e8dic [&hellip;]","og_url":"https:\/\/glifing.com\/ca\/condicions-dus\/","og_site_name":"Glifing","article_publisher":"https:\/\/www.facebook.com\/glifing","article_modified_time":"2025-02-27T11:40:32+00:00","twitter_card":"summary_large_image","twitter_site":"@glifing","twitter_misc":{"Temps estimat de lectura":"2 minuts"},"schema":{"@context":"https:\/\/schema.org","@graph":[{"@type":"WebPage","@id":"https:\/\/glifing.com\/ca\/condicions-dus\/","url":"https:\/\/glifing.com\/ca\/condicions-dus\/","name":"Condicions d'\u00fas - Glifing","isPartOf":{"@id":"https:\/\/glifing.com\/#website"},"datePublished":"2024-01-14T10:40:57+00:00","dateModified":"2025-02-27T11:40:32+00:00","breadcrumb":{"@id":"https:\/\/glifing.com\/ca\/condicions-dus\/#breadcrumb"},"inLanguage":"ca","potentialAction":[{"@type":"ReadAction","target":["https:\/\/glifing.com\/ca\/condicions-dus\/"]}]},{"@type":"BreadcrumbList","@id":"https:\/\/glifing.com\/ca\/condicions-dus\/#breadcrumb","itemListElement":[{"@type":"ListItem","position":1,"name":"Portada","item":"https:\/\/glifing.com\/"},{"@type":"ListItem","position":2,"name":"Condicions d&#8217;\u00fas"}]},{"@type":"WebSite","@id":"https:\/\/glifing.com\/#website","url":"https:\/\/glifing.com\/","name":"Glifing","description":"Entrenamiento de la lectura","publisher":{"@id":"https:\/\/glifing.com\/#organization"},"potentialAction":[{"@type":"SearchAction","target":{"@type":"EntryPoint","urlTemplate":"https:\/\/glifing.com\/?s={search_term_string}"},"query-input":{"@type":"PropertyValueSpecification","valueRequired":true,"valueName":"search_term_string"}}],"inLanguage":"ca"},{"@type":"Organization","@id":"https:\/\/glifing.com\/#organization","name":"Glifing","url":"https:\/\/glifing.com\/","logo":{"@type":"ImageObject","inLanguage":"ca","@id":"https:\/\/glifing.com\/#\/schema\/logo\/image\/","url":"https:\/\/glifing.com\/wp-content\/uploads\/2022\/04\/Logo-petit-Glifing-color-claim.png","contentUrl":"https:\/\/glifing.com\/wp-content\/uploads\/2022\/04\/Logo-petit-Glifing-color-claim.png","width":1000,"height":453,"caption":"Glifing"},"image":{"@id":"https:\/\/glifing.com\/#\/schema\/logo\/image\/"},"sameAs":["https:\/\/www.facebook.com\/glifing","https:\/\/x.com\/glifing","https:\/\/www.instagram.com\/glifing\/","https:\/\/www.youtube.com\/channel\/UCWRD45tUQSZ1ARcZt402WwA"]}]}},"_links":{"self":[{"href":"https:\/\/glifing.com\/ca\/wp-json\/wp\/v2\/pages\/13658","targetHints":{"allow":["GET"]}}],"collection":[{"href":"https:\/\/glifing.com\/ca\/wp-json\/wp\/v2\/pages"}],"about":[{"href":"https:\/\/glifing.com\/ca\/wp-json\/wp\/v2\/types\/page"}],"author":[{"embeddable":true,"href":"https:\/\/glifing.com\/ca\/wp-json\/wp\/v2\/users\/1"}],"replies":[{"embeddable":true,"href":"https:\/\/glifing.com\/ca\/wp-json\/wp\/v2\/comments?post=13658"}],"version-history":[{"count":32,"href":"https:\/\/glifing.com\/ca\/wp-json\/wp\/v2\/pages\/13658\/revisions"}],"predecessor-version":[{"id":21176,"href":"https:\/\/glifing.com\/ca\/wp-json\/wp\/v2\/pages\/13658\/revisions\/21176"}],"wp:attachment":[{"href":"https:\/\/glifing.com\/ca\/wp-json\/wp\/v2\/media?parent=13658"}],"curies":[{"name":"wp","href":"https:\/\/api.w.org\/{rel}","templated":true}]}}